{"id":434,"date":"2017-07-14T12:30:22","date_gmt":"2017-07-14T09:30:22","guid":{"rendered":"http:\/\/corfudiary.com\/?page_id=434\/"},"modified":"2017-07-14T12:30:22","modified_gmt":"2017-07-14T09:30:22","slug":"devenir-un-redacteur","status":"publish","type":"page","link":"https:\/\/corfudiary.com\/fr\/devenir-un-redacteur\/","title":{"rendered":"DEVENIR UN R\u00c9DACTEUR"},"content":{"rendered":"<p>L\u2019\u00e9quipe de Corfu Diary augmente constamment et nous esp\u00e9rons que il continuera et pour cette raison, il y a une possibilit\u00e9 existe pour tous ceux qui aiment le Corfu, de poss\u00e9der leur propre \u00e9tape dans notre calendrier. Si vous le souhaitez, vous \u00eates cordialement invit\u00e9s \u00e0 se joindre \u00e0 notre groupe et partager avec les textes et les photographies, quoi que ce soit au sujet de l\u2019\u00eele et vous ressentez le besoin qui m\u00e9rite d\u2019en savoir plus !<\/p>\n<p>Nous ne savons pas ce que peut \u00eatre cela ! La seule certitude est que nous voulons \u00eatre r\u00e9dig\u00e9 avec l\u2019amour de quelqu&rsquo;un qui aime le Corfou ! Nous ne se soucient pas si vous \u00eates 18 ou 108, homme ou femme, directeur \u00e0 la multinationale ou ch\u00f4meur. Nous n\u2019inqui\u00e8te pas si vous \u00eates de la partie sud de l\u2019\u00eele, du Nord ou si vous avez pass\u00e9 toute votre vie dans les ruelles de la ville. Vous n\u2019avez pas \u00e0 \u00eatre un \u00e9crivain \u00e0 \u00e9crire dans le Corfu Diary, vous n\u2019avez pas besoin d\u2019avoir tourn\u00e9 autour de l\u2019\u00eele et finalement vous n\u2019aviez pas besoin de vous viennent m\u00eame de Corfou ou demeurer ici en permanence. La limitation est une et unique. Tout ce dont vous avez besoin est \u00e0 l\u2019amour de l\u2019\u00eele et vous voulez partager une partie de votre amour avec d\u2019autres.<\/p>\n<p>Joindre l\u2019\u00e9quipe du Corfu Diary et \u00e9crire librement et marque ce que vous voulez dire pour les habitants et les touristes sur l\u2019\u00eele, exactement comme vous le voir de vos propres yeux. Si vous parlez de quelque chose oubli\u00e9 ou d\u2019une histoire du pass\u00e9, ou quelque chose qui va se passer dans l\u2019avenir ou une partie que vous ne savez que vous, ou un endroit que vous pouvez visiter chacun d&rsquo;entre nous chaque jour, ou d\u2019autre chose, tous ceux que vous pouvez imaginer, le Corfu Diary est l\u00e0 pour accueillir votre texte avec plaisir et vous donner un espace sur Internet pour partager vos pens\u00e9es .<\/p>\n<p>Une seule chose \u00e0 avoir \u00e0 l\u2019esprit : L\u2019intol\u00e9rance, la mis\u00e8re, le fanatisme et le racisme \u2013 sous tous les formes \u2013 les insultes et les attitudes correspondants, g\u00e9n\u00e9ralement n\u2019 ont pas une place dans le Corfu Diary. Nous sommes un groupe agr\u00e9able qui aime Corfou et nous lan\u00e7ons un appel aux personnes qui veulent devenir membres de la bande \u00e0 cette unique condition.<\/p>\n","protected":false},"excerpt":{"rendered":"<p>  [&#8230;]<\/p>\n","protected":false},"author":17,"featured_media":0,"parent":0,"menu_order":0,"comment_status":"closed","ping_status":"closed","template":"100-width.php","meta":{"footnotes":""},"class_list":["post-434","page","type-page","status-publish","hentry"],"yoast_head":"<!-- This site is optimized with the Yoast SEO plugin v27.4 - https:\/\/yoast.com\/product\/yoast-seo-wordpress\/ -->\n<title>DEVENIR UN R\u00c9DACTEUR | Corfu Diary<\/title>\n<meta name=\"robots\" content=\"index, follow, max-snippet:-1, max-image-preview:large, max-video-preview:-1\" \/>\n<link rel=\"canonical\" href=\"https:\/\/corfudiary.com\/fr\/devenir-un-redacteur\/\" \/>\n<meta property=\"og:locale\" content=\"fr_FR\" \/>\n<meta property=\"og:type\" content=\"article\" \/>\n<meta property=\"og:title\" content=\"DEVENIR UN R\u00c9DACTEUR | Corfu Diary\" \/>\n<meta property=\"og:description\" content=\"[...]\" \/>\n<meta property=\"og:url\" content=\"https:\/\/corfudiary.com\/fr\/devenir-un-redacteur\/\" \/>\n<meta property=\"og:site_name\" content=\"Corfu Diary\" \/>\n<meta property=\"article:publisher\" content=\"https:\/\/www.facebook.com\/corfudiary\/\" \/>\n<meta name=\"twitter:card\" content=\"summary_large_image\" \/>\n<meta name=\"twitter:site\" content=\"@corfudiary\" \/>\n<meta name=\"twitter:label1\" content=\"Dur\u00e9e de lecture estim\u00e9e\" \/>\n\t<meta name=\"twitter:data1\" content=\"2 minutes\" \/>\n<script type=\"application\/ld+json\" class=\"yoast-schema-graph\">{\"@context\":\"https:\\\/\\\/schema.org\",\"@graph\":[{\"@type\":\"WebPage\",\"@id\":\"https:\\\/\\\/corfudiary.com\\\/fr\\\/devenir-un-redacteur\\\/\",\"url\":\"https:\\\/\\\/corfudiary.com\\\/fr\\\/devenir-un-redacteur\\\/\",\"name\":\"DEVENIR UN R\u00c9DACTEUR | Corfu Diary\",\"isPartOf\":{\"@id\":\"https:\\\/\\\/corfudiary.com\\\/#website\"},\"datePublished\":\"2017-07-14T09:30:22+00:00\",\"breadcrumb\":{\"@id\":\"https:\\\/\\\/corfudiary.com\\\/fr\\\/devenir-un-redacteur\\\/#breadcrumb\"},\"inLanguage\":\"fr-FR\",\"potentialAction\":[{\"@type\":\"ReadAction\",\"target\":[\"https:\\\/\\\/corfudiary.com\\\/fr\\\/devenir-un-redacteur\\\/\"]}]},{\"@type\":\"BreadcrumbList\",\"@id\":\"https:\\\/\\\/corfudiary.com\\\/fr\\\/devenir-un-redacteur\\\/#breadcrumb\",\"itemListElement\":[{\"@type\":\"ListItem\",\"position\":1,\"name\":\"Home\",\"item\":\"https:\\\/\\\/corfudiary.com\\\/fr\\\/\"},{\"@type\":\"ListItem\",\"position\":2,\"name\":\"DEVENIR UN R\u00c9DACTEUR\"}]},{\"@type\":\"WebSite\",\"@id\":\"https:\\\/\\\/corfudiary.com\\\/#website\",\"url\":\"https:\\\/\\\/corfudiary.com\\\/\",\"name\":\"Corfu Diary\",\"description\":\"Your one-stop blog about Corfu Island\",\"publisher\":{\"@id\":\"https:\\\/\\\/corfudiary.com\\\/#organization\"},\"potentialAction\":[{\"@type\":\"SearchAction\",\"target\":{\"@type\":\"EntryPoint\",\"urlTemplate\":\"https:\\\/\\\/corfudiary.com\\\/?s={search_term_string}\"},\"query-input\":{\"@type\":\"PropertyValueSpecification\",\"valueRequired\":true,\"valueName\":\"search_term_string\"}}],\"inLanguage\":\"fr-FR\"},{\"@type\":\"Organization\",\"@id\":\"https:\\\/\\\/corfudiary.com\\\/#organization\",\"name\":\"CorfuDiary\",\"url\":\"https:\\\/\\\/corfudiary.com\\\/\",\"logo\":{\"@type\":\"ImageObject\",\"inLanguage\":\"fr-FR\",\"@id\":\"https:\\\/\\\/corfudiary.com\\\/#\\\/schema\\\/logo\\\/image\\\/\",\"url\":\"https:\\\/\\\/i0.wp.com\\\/corfudiary.com\\\/wp-content\\\/uploads\\\/2021\\\/01\\\/main-logo.png?fit=450%2C100&ssl=1\",\"contentUrl\":\"https:\\\/\\\/i0.wp.com\\\/corfudiary.com\\\/wp-content\\\/uploads\\\/2021\\\/01\\\/main-logo.png?fit=450%2C100&ssl=1\",\"width\":450,\"height\":100,\"caption\":\"CorfuDiary\"},\"image\":{\"@id\":\"https:\\\/\\\/corfudiary.com\\\/#\\\/schema\\\/logo\\\/image\\\/\"},\"sameAs\":[\"https:\\\/\\\/www.facebook.com\\\/corfudiary\\\/\",\"https:\\\/\\\/x.com\\\/corfudiary\",\"https:\\\/\\\/www.instagram.com\\\/corfudiary\\\/\",\"https:\\\/\\\/gr.pinterest.com\\\/corfudiary\\\/\",\"https:\\\/\\\/www.youtube.com\\\/channel\\\/UCykm5igZmtxxLinGmcFdtdg\"]}]}<\/script>\n<!-- \/ Yoast SEO plugin. -->","yoast_head_json":{"title":"DEVENIR UN R\u00c9DACTEUR | Corfu Diary","robots":{"index":"index","follow":"follow","max-snippet":"max-snippet:-1","max-image-preview":"max-image-preview:large","max-video-preview":"max-video-preview:-1"},"canonical":"https:\/\/corfudiary.com\/fr\/devenir-un-redacteur\/","og_locale":"fr_FR","og_type":"article","og_title":"DEVENIR UN R\u00c9DACTEUR | Corfu Diary","og_description":"[...]","og_url":"https:\/\/corfudiary.com\/fr\/devenir-un-redacteur\/","og_site_name":"Corfu Diary","article_publisher":"https:\/\/www.facebook.com\/corfudiary\/","twitter_card":"summary_large_image","twitter_site":"@corfudiary","twitter_misc":{"Dur\u00e9e de lecture estim\u00e9e":"2 minutes"},"schema":{"@context":"https:\/\/schema.org","@graph":[{"@type":"WebPage","@id":"https:\/\/corfudiary.com\/fr\/devenir-un-redacteur\/","url":"https:\/\/corfudiary.com\/fr\/devenir-un-redacteur\/","name":"DEVENIR UN R\u00c9DACTEUR | Corfu Diary","isPartOf":{"@id":"https:\/\/corfudiary.com\/#website"},"datePublished":"2017-07-14T09:30:22+00:00","breadcrumb":{"@id":"https:\/\/corfudiary.com\/fr\/devenir-un-redacteur\/#breadcrumb"},"inLanguage":"fr-FR","potentialAction":[{"@type":"ReadAction","target":["https:\/\/corfudiary.com\/fr\/devenir-un-redacteur\/"]}]},{"@type":"BreadcrumbList","@id":"https:\/\/corfudiary.com\/fr\/devenir-un-redacteur\/#breadcrumb","itemListElement":[{"@type":"ListItem","position":1,"name":"Home","item":"https:\/\/corfudiary.com\/fr\/"},{"@type":"ListItem","position":2,"name":"DEVENIR UN R\u00c9DACTEUR"}]},{"@type":"WebSite","@id":"https:\/\/corfudiary.com\/#website","url":"https:\/\/corfudiary.com\/","name":"Corfu Diary","description":"Your one-stop blog about Corfu Island","publisher":{"@id":"https:\/\/corfudiary.com\/#organization"},"potentialAction":[{"@type":"SearchAction","target":{"@type":"EntryPoint","urlTemplate":"https:\/\/corfudiary.com\/?s={search_term_string}"},"query-input":{"@type":"PropertyValueSpecification","valueRequired":true,"valueName":"search_term_string"}}],"inLanguage":"fr-FR"},{"@type":"Organization","@id":"https:\/\/corfudiary.com\/#organization","name":"CorfuDiary","url":"https:\/\/corfudiary.com\/","logo":{"@type":"ImageObject","inLanguage":"fr-FR","@id":"https:\/\/corfudiary.com\/#\/schema\/logo\/image\/","url":"https:\/\/i0.wp.com\/corfudiary.com\/wp-content\/uploads\/2021\/01\/main-logo.png?fit=450%2C100&ssl=1","contentUrl":"https:\/\/i0.wp.com\/corfudiary.com\/wp-content\/uploads\/2021\/01\/main-logo.png?fit=450%2C100&ssl=1","width":450,"height":100,"caption":"CorfuDiary"},"image":{"@id":"https:\/\/corfudiary.com\/#\/schema\/logo\/image\/"},"sameAs":["https:\/\/www.facebook.com\/corfudiary\/","https:\/\/x.com\/corfudiary","https:\/\/www.instagram.com\/corfudiary\/","https:\/\/gr.pinterest.com\/corfudiary\/","https:\/\/www.youtube.com\/channel\/UCykm5igZmtxxLinGmcFdtdg"]}]}},"jetpack_sharing_enabled":true,"_links":{"self":[{"href":"https:\/\/corfudiary.com\/fr\/wp-json\/wp\/v2\/pages\/434","targetHints":{"allow":["GET"]}}],"collection":[{"href":"https:\/\/corfudiary.com\/fr\/wp-json\/wp\/v2\/pages"}],"about":[{"href":"https:\/\/corfudiary.com\/fr\/wp-json\/wp\/v2\/types\/page"}],"author":[{"embeddable":true,"href":"https:\/\/corfudiary.com\/fr\/wp-json\/wp\/v2\/users\/17"}],"replies":[{"embeddable":true,"href":"https:\/\/corfudiary.com\/fr\/wp-json\/wp\/v2\/comments?post=434"}],"version-history":[{"count":0,"href":"https:\/\/corfudiary.com\/fr\/wp-json\/wp\/v2\/pages\/434\/revisions"}],"wp:attachment":[{"href":"https:\/\/corfudiary.com\/fr\/wp-json\/wp\/v2\/media?parent=434"}],"curies":[{"name":"wp","href":"https:\/\/api.w.org\/{rel}","templated":true}]}}