{"id":428,"date":"2017-07-12T17:36:50","date_gmt":"2017-07-12T14:36:50","guid":{"rendered":"http:\/\/corfudiary.com\/?page_id=428\/"},"modified":"2017-08-03T13:38:22","modified_gmt":"2017-08-03T10:38:22","slug":"qui-sommes-nous","status":"publish","type":"page","link":"https:\/\/corfudiary.com\/fr\/qui-sommes-nous\/","title":{"rendered":"QUI SOMMES-NOUS"},"content":{"rendered":"<p>Le Corfu Diary est fait par un groupe de corfiotes qui aiment leur \u00eele. L\u2019id\u00e9e a \u00e9t\u00e9 brusque et spontan\u00e9e et la d\u00e9cision a \u00e9t\u00e9 prise afin de montrer \u00e0 tout le monde l\u00e0-bas, comment nous voyons notre place, mais aussi pour donner la possibilit\u00e9 \u00e0 ceux qui veulent d\u00e9couvrir Corfou, de le faire par la pr\u00e9sentation de l\u2019\u00eele par le biais de nos propres yeux.<\/p>\n<p>Utiles sont les sources encyclop\u00e9diques et guides de voyage, mais nous avons remarqu\u00e9 qu\u2019il n\u2019y avait pas un site d\u00e9di\u00e9 \u00e0 Corfou d\u2019une fa\u00e7on vraiment, et comme le voient les gens qui l\u2019aiment. Donc, nous avons construit le Corfu Diary avec l\u2019espoir que vous avez r\u00e9ussi \u00e0 obtenir, aux yeux du monde, notre propre point de vue.<\/p>\n<p>Si on la voie un peu plus sph\u00e9rique, on doit parler d\u2019un objectivement bel endroit avec une longue histoire et tradition culturelle qui a fa\u00e7onn\u00e9 le caract\u00e8re de Corfou et de ses habitants, toutes ces ann\u00e9es, \u00e0 plusieurs niveaux. Alors pourquoi que ne nous ont pas r\u00e9unis nos pens\u00e9es \u00e0 endroit sp\u00e9cifique ? Ainsi \u00e9tait le Corfu Diary qui esp\u00e8re qu\u2019il aura constamment son contenu renove avec diverses pens\u00e9es et r\u00e9f\u00e9rences \u00e0 tout ce qui pourraient faire ressortir l\u2019\u00eele aux yeux des visiteurs potentiels et les vieux et les habitants.<\/p>\n<p>Ce n\u2019est certainement pas le seul blog sur Corfou que vous pouvez trouver, mais pour nous, c\u2019est un petit coin sur l\u2019Internet qui nous donne l\u2019occasion d\u2019\u00e9voquer les innombrables beaux endroits de l\u2019\u00eele, les villages pittoresques que dans certains cas vous semble-t-il dans le temps, des \u00e9v\u00e9nements culturels caract\u00e9ristiques de Corfou ou en tout cas rien d\u2019autre peut nous donner inspiration pour marquer quoi d\u2019autre ? La notre Corfou.<\/p>\n<p><a href=\"https:\/\/corfudiary.com\/fr\/devenir-un-redacteur\/\">Bien sur on vous attend de nous joindre si vous voulez<\/a><\/p>\n","protected":false},"excerpt":{"rendered":"<p>  [&#8230;]<\/p>\n","protected":false},"author":17,"featured_media":0,"parent":0,"menu_order":0,"comment_status":"closed","ping_status":"closed","template":"100-width.php","meta":{"footnotes":""},"class_list":["post-428","page","type-page","status-publish","hentry"],"yoast_head":"<!-- This site is optimized with the Yoast SEO plugin v27.4 - https:\/\/yoast.com\/product\/yoast-seo-wordpress\/ -->\n<title>QUI SOMMES-NOUS | Corfu Diary<\/title>\n<meta name=\"robots\" content=\"index, follow, max-snippet:-1, max-image-preview:large, max-video-preview:-1\" \/>\n<link rel=\"canonical\" href=\"https:\/\/corfudiary.com\/fr\/qui-sommes-nous\/\" \/>\n<meta property=\"og:locale\" content=\"fr_FR\" \/>\n<meta property=\"og:type\" content=\"article\" \/>\n<meta property=\"og:title\" content=\"QUI SOMMES-NOUS | Corfu Diary\" \/>\n<meta property=\"og:description\" content=\"[...]\" \/>\n<meta property=\"og:url\" content=\"https:\/\/corfudiary.com\/fr\/qui-sommes-nous\/\" \/>\n<meta property=\"og:site_name\" content=\"Corfu Diary\" \/>\n<meta property=\"article:publisher\" content=\"https:\/\/www.facebook.com\/corfudiary\/\" \/>\n<meta property=\"article:modified_time\" content=\"2017-08-03T10:38:22+00:00\" \/>\n<meta name=\"twitter:card\" content=\"summary_large_image\" \/>\n<meta name=\"twitter:site\" content=\"@corfudiary\" \/>\n<meta name=\"twitter:label1\" content=\"Dur\u00e9e de lecture estim\u00e9e\" \/>\n\t<meta name=\"twitter:data1\" content=\"2 minutes\" \/>\n<script type=\"application\/ld+json\" class=\"yoast-schema-graph\">{\"@context\":\"https:\\\/\\\/schema.org\",\"@graph\":[{\"@type\":\"WebPage\",\"@id\":\"https:\\\/\\\/corfudiary.com\\\/fr\\\/qui-sommes-nous\\\/\",\"url\":\"https:\\\/\\\/corfudiary.com\\\/fr\\\/qui-sommes-nous\\\/\",\"name\":\"QUI SOMMES-NOUS | Corfu Diary\",\"isPartOf\":{\"@id\":\"https:\\\/\\\/corfudiary.com\\\/#website\"},\"datePublished\":\"2017-07-12T14:36:50+00:00\",\"dateModified\":\"2017-08-03T10:38:22+00:00\",\"breadcrumb\":{\"@id\":\"https:\\\/\\\/corfudiary.com\\\/fr\\\/qui-sommes-nous\\\/#breadcrumb\"},\"inLanguage\":\"fr-FR\",\"potentialAction\":[{\"@type\":\"ReadAction\",\"target\":[\"https:\\\/\\\/corfudiary.com\\\/fr\\\/qui-sommes-nous\\\/\"]}]},{\"@type\":\"BreadcrumbList\",\"@id\":\"https:\\\/\\\/corfudiary.com\\\/fr\\\/qui-sommes-nous\\\/#breadcrumb\",\"itemListElement\":[{\"@type\":\"ListItem\",\"position\":1,\"name\":\"Home\",\"item\":\"https:\\\/\\\/corfudiary.com\\\/fr\\\/\"},{\"@type\":\"ListItem\",\"position\":2,\"name\":\"QUI SOMMES-NOUS\"}]},{\"@type\":\"WebSite\",\"@id\":\"https:\\\/\\\/corfudiary.com\\\/#website\",\"url\":\"https:\\\/\\\/corfudiary.com\\\/\",\"name\":\"Corfu Diary\",\"description\":\"Your one-stop blog about Corfu Island\",\"publisher\":{\"@id\":\"https:\\\/\\\/corfudiary.com\\\/#organization\"},\"potentialAction\":[{\"@type\":\"SearchAction\",\"target\":{\"@type\":\"EntryPoint\",\"urlTemplate\":\"https:\\\/\\\/corfudiary.com\\\/?s={search_term_string}\"},\"query-input\":{\"@type\":\"PropertyValueSpecification\",\"valueRequired\":true,\"valueName\":\"search_term_string\"}}],\"inLanguage\":\"fr-FR\"},{\"@type\":\"Organization\",\"@id\":\"https:\\\/\\\/corfudiary.com\\\/#organization\",\"name\":\"CorfuDiary\",\"url\":\"https:\\\/\\\/corfudiary.com\\\/\",\"logo\":{\"@type\":\"ImageObject\",\"inLanguage\":\"fr-FR\",\"@id\":\"https:\\\/\\\/corfudiary.com\\\/#\\\/schema\\\/logo\\\/image\\\/\",\"url\":\"https:\\\/\\\/i0.wp.com\\\/corfudiary.com\\\/wp-content\\\/uploads\\\/2021\\\/01\\\/main-logo.png?fit=450%2C100&ssl=1\",\"contentUrl\":\"https:\\\/\\\/i0.wp.com\\\/corfudiary.com\\\/wp-content\\\/uploads\\\/2021\\\/01\\\/main-logo.png?fit=450%2C100&ssl=1\",\"width\":450,\"height\":100,\"caption\":\"CorfuDiary\"},\"image\":{\"@id\":\"https:\\\/\\\/corfudiary.com\\\/#\\\/schema\\\/logo\\\/image\\\/\"},\"sameAs\":[\"https:\\\/\\\/www.facebook.com\\\/corfudiary\\\/\",\"https:\\\/\\\/x.com\\\/corfudiary\",\"https:\\\/\\\/www.instagram.com\\\/corfudiary\\\/\",\"https:\\\/\\\/gr.pinterest.com\\\/corfudiary\\\/\",\"https:\\\/\\\/www.youtube.com\\\/channel\\\/UCykm5igZmtxxLinGmcFdtdg\"]}]}<\/script>\n<!-- \/ Yoast SEO plugin. -->","yoast_head_json":{"title":"QUI SOMMES-NOUS | Corfu Diary","robots":{"index":"index","follow":"follow","max-snippet":"max-snippet:-1","max-image-preview":"max-image-preview:large","max-video-preview":"max-video-preview:-1"},"canonical":"https:\/\/corfudiary.com\/fr\/qui-sommes-nous\/","og_locale":"fr_FR","og_type":"article","og_title":"QUI SOMMES-NOUS | Corfu Diary","og_description":"[...]","og_url":"https:\/\/corfudiary.com\/fr\/qui-sommes-nous\/","og_site_name":"Corfu Diary","article_publisher":"https:\/\/www.facebook.com\/corfudiary\/","article_modified_time":"2017-08-03T10:38:22+00:00","twitter_card":"summary_large_image","twitter_site":"@corfudiary","twitter_misc":{"Dur\u00e9e de lecture estim\u00e9e":"2 minutes"},"schema":{"@context":"https:\/\/schema.org","@graph":[{"@type":"WebPage","@id":"https:\/\/corfudiary.com\/fr\/qui-sommes-nous\/","url":"https:\/\/corfudiary.com\/fr\/qui-sommes-nous\/","name":"QUI SOMMES-NOUS | Corfu Diary","isPartOf":{"@id":"https:\/\/corfudiary.com\/#website"},"datePublished":"2017-07-12T14:36:50+00:00","dateModified":"2017-08-03T10:38:22+00:00","breadcrumb":{"@id":"https:\/\/corfudiary.com\/fr\/qui-sommes-nous\/#breadcrumb"},"inLanguage":"fr-FR","potentialAction":[{"@type":"ReadAction","target":["https:\/\/corfudiary.com\/fr\/qui-sommes-nous\/"]}]},{"@type":"BreadcrumbList","@id":"https:\/\/corfudiary.com\/fr\/qui-sommes-nous\/#breadcrumb","itemListElement":[{"@type":"ListItem","position":1,"name":"Home","item":"https:\/\/corfudiary.com\/fr\/"},{"@type":"ListItem","position":2,"name":"QUI SOMMES-NOUS"}]},{"@type":"WebSite","@id":"https:\/\/corfudiary.com\/#website","url":"https:\/\/corfudiary.com\/","name":"Corfu Diary","description":"Your one-stop blog about Corfu Island","publisher":{"@id":"https:\/\/corfudiary.com\/#organization"},"potentialAction":[{"@type":"SearchAction","target":{"@type":"EntryPoint","urlTemplate":"https:\/\/corfudiary.com\/?s={search_term_string}"},"query-input":{"@type":"PropertyValueSpecification","valueRequired":true,"valueName":"search_term_string"}}],"inLanguage":"fr-FR"},{"@type":"Organization","@id":"https:\/\/corfudiary.com\/#organization","name":"CorfuDiary","url":"https:\/\/corfudiary.com\/","logo":{"@type":"ImageObject","inLanguage":"fr-FR","@id":"https:\/\/corfudiary.com\/#\/schema\/logo\/image\/","url":"https:\/\/i0.wp.com\/corfudiary.com\/wp-content\/uploads\/2021\/01\/main-logo.png?fit=450%2C100&ssl=1","contentUrl":"https:\/\/i0.wp.com\/corfudiary.com\/wp-content\/uploads\/2021\/01\/main-logo.png?fit=450%2C100&ssl=1","width":450,"height":100,"caption":"CorfuDiary"},"image":{"@id":"https:\/\/corfudiary.com\/#\/schema\/logo\/image\/"},"sameAs":["https:\/\/www.facebook.com\/corfudiary\/","https:\/\/x.com\/corfudiary","https:\/\/www.instagram.com\/corfudiary\/","https:\/\/gr.pinterest.com\/corfudiary\/","https:\/\/www.youtube.com\/channel\/UCykm5igZmtxxLinGmcFdtdg"]}]}},"jetpack_sharing_enabled":true,"_links":{"self":[{"href":"https:\/\/corfudiary.com\/fr\/wp-json\/wp\/v2\/pages\/428","targetHints":{"allow":["GET"]}}],"collection":[{"href":"https:\/\/corfudiary.com\/fr\/wp-json\/wp\/v2\/pages"}],"about":[{"href":"https:\/\/corfudiary.com\/fr\/wp-json\/wp\/v2\/types\/page"}],"author":[{"embeddable":true,"href":"https:\/\/corfudiary.com\/fr\/wp-json\/wp\/v2\/users\/17"}],"replies":[{"embeddable":true,"href":"https:\/\/corfudiary.com\/fr\/wp-json\/wp\/v2\/comments?post=428"}],"version-history":[{"count":0,"href":"https:\/\/corfudiary.com\/fr\/wp-json\/wp\/v2\/pages\/428\/revisions"}],"wp:attachment":[{"href":"https:\/\/corfudiary.com\/fr\/wp-json\/wp\/v2\/media?parent=428"}],"curies":[{"name":"wp","href":"https:\/\/api.w.org\/{rel}","templated":true}]}}