{"id":512,"date":"2017-07-19T16:40:29","date_gmt":"2017-07-19T13:40:29","guid":{"rendered":"http:\/\/corfudiary.com\/?page_id=512\/"},"modified":"2017-07-19T16:42:44","modified_gmt":"2017-07-19T13:42:44","slug":"conviertase-en-un-autor","status":"publish","type":"page","link":"https:\/\/corfudiary.com\/es\/conviertase-en-un-autor\/","title":{"rendered":"Convi\u00e9rtase en un autor"},"content":{"rendered":"<p>Corfu Diary consiste de un grupo de personas enamoradas de la isla de Corf\u00fa. La idea naci\u00f3 hace tres anos por 3 personas y justo despu\u00e9s de empezar a escribir, nuestro grupo ha crecido aun mas y esperamos que siga creciendo! Por eso, le damos la oportunidad a cualquiera persona que ama nuestra isla , y le invitamos a unirse en nuestro equipo. Usted es m\u00e1s que bienvenido a compartir tus experiencias en Corf\u00fa con cualquiera persona que crees que le interesan.<\/p>\n<p>Lo seguro es que queremos que sea escrito con amor por alguien que ama la isla . No importa en absoluto su edad, su origen, su sexo o si te pasaste un d\u00eda o toda la vida en Corf\u00fa. Ademas, no es importante que sea escritor profesional, pero hay una condici\u00f3n que debe aceptar. Tiene que amar la isla y sentir que necesitas compartir una parte de su amor los momentos que vivio con los dem\u00e1s!<\/p>\n<p>\u00danase al equipo de Corfu Diary y escriba en esp\u00edritu libre, hablando con los lugare\u00f1os o turistas, describiendo tus experiencias \u00fanicas. Corfu Diary est\u00e1 listo de incluir su punto de vista sobre cualquier cosa que desee compartir, o bien es tus recuerdos como un viajero, o su sus actividades durante su estancia en la isla.<\/p>\n<p>S\u00f3lo tenga en cuenta una cosilla: Intolerancia, la miseria, fanatismo y racismo en cualquier forma \u2013 insultar y generalmente conductas similares no pertenecen al Corfu Diary Somos un grupo que ama la isla y nos dirigimos a personas que quieran unirse al equipo bajo \u00e9ste y sola Somos un grupo que ama la isla y nos dirigimos a personas que quieran unirse al equipo bajo \u00e9ste y sola condici\u00f3n.<\/p>\n<p>Rellene el formulario y estaremos m\u00e1s que felices de darle la bienvenida a nuestro grupo!<\/p>\n","protected":false},"excerpt":{"rendered":"<p>  [&#8230;]<\/p>\n","protected":false},"author":17,"featured_media":0,"parent":0,"menu_order":0,"comment_status":"closed","ping_status":"closed","template":"100-width.php","meta":{"footnotes":""},"class_list":["post-512","page","type-page","status-publish","hentry"],"yoast_head":"<!-- This site is optimized with the Yoast SEO plugin v27.4 - https:\/\/yoast.com\/product\/yoast-seo-wordpress\/ -->\n<title>Convi\u00e9rtase en un autor | Corfu Diary<\/title>\n<meta name=\"robots\" content=\"index, follow, max-snippet:-1, max-image-preview:large, max-video-preview:-1\" \/>\n<link rel=\"canonical\" href=\"https:\/\/corfudiary.com\/es\/conviertase-en-un-autor\/\" \/>\n<meta property=\"og:locale\" content=\"es_ES\" \/>\n<meta property=\"og:type\" content=\"article\" \/>\n<meta property=\"og:title\" content=\"Convi\u00e9rtase en un autor | Corfu Diary\" \/>\n<meta property=\"og:description\" content=\"[...]\" \/>\n<meta property=\"og:url\" content=\"https:\/\/corfudiary.com\/es\/conviertase-en-un-autor\/\" \/>\n<meta property=\"og:site_name\" content=\"Corfu Diary\" \/>\n<meta property=\"article:publisher\" content=\"https:\/\/www.facebook.com\/corfudiary\/\" \/>\n<meta property=\"article:modified_time\" content=\"2017-07-19T13:42:44+00:00\" \/>\n<meta name=\"twitter:card\" content=\"summary_large_image\" \/>\n<meta name=\"twitter:site\" content=\"@corfudiary\" \/>\n<meta name=\"twitter:label1\" content=\"Tiempo de lectura\" \/>\n\t<meta name=\"twitter:data1\" content=\"2 minutos\" \/>\n<script type=\"application\/ld+json\" class=\"yoast-schema-graph\">{\"@context\":\"https:\\\/\\\/schema.org\",\"@graph\":[{\"@type\":\"WebPage\",\"@id\":\"https:\\\/\\\/corfudiary.com\\\/es\\\/conviertase-en-un-autor\\\/\",\"url\":\"https:\\\/\\\/corfudiary.com\\\/es\\\/conviertase-en-un-autor\\\/\",\"name\":\"Convi\u00e9rtase en un autor | Corfu Diary\",\"isPartOf\":{\"@id\":\"https:\\\/\\\/corfudiary.com\\\/#website\"},\"datePublished\":\"2017-07-19T13:40:29+00:00\",\"dateModified\":\"2017-07-19T13:42:44+00:00\",\"breadcrumb\":{\"@id\":\"https:\\\/\\\/corfudiary.com\\\/es\\\/conviertase-en-un-autor\\\/#breadcrumb\"},\"inLanguage\":\"es\",\"potentialAction\":[{\"@type\":\"ReadAction\",\"target\":[\"https:\\\/\\\/corfudiary.com\\\/es\\\/conviertase-en-un-autor\\\/\"]}]},{\"@type\":\"BreadcrumbList\",\"@id\":\"https:\\\/\\\/corfudiary.com\\\/es\\\/conviertase-en-un-autor\\\/#breadcrumb\",\"itemListElement\":[{\"@type\":\"ListItem\",\"position\":1,\"name\":\"Home\",\"item\":\"https:\\\/\\\/corfudiary.com\\\/es\\\/\"},{\"@type\":\"ListItem\",\"position\":2,\"name\":\"Convi\u00e9rtase en un autor\"}]},{\"@type\":\"WebSite\",\"@id\":\"https:\\\/\\\/corfudiary.com\\\/#website\",\"url\":\"https:\\\/\\\/corfudiary.com\\\/\",\"name\":\"Corfu Diary\",\"description\":\"Your one-stop blog about Corfu Island\",\"publisher\":{\"@id\":\"https:\\\/\\\/corfudiary.com\\\/#organization\"},\"potentialAction\":[{\"@type\":\"SearchAction\",\"target\":{\"@type\":\"EntryPoint\",\"urlTemplate\":\"https:\\\/\\\/corfudiary.com\\\/?s={search_term_string}\"},\"query-input\":{\"@type\":\"PropertyValueSpecification\",\"valueRequired\":true,\"valueName\":\"search_term_string\"}}],\"inLanguage\":\"es\"},{\"@type\":\"Organization\",\"@id\":\"https:\\\/\\\/corfudiary.com\\\/#organization\",\"name\":\"CorfuDiary\",\"url\":\"https:\\\/\\\/corfudiary.com\\\/\",\"logo\":{\"@type\":\"ImageObject\",\"inLanguage\":\"es\",\"@id\":\"https:\\\/\\\/corfudiary.com\\\/#\\\/schema\\\/logo\\\/image\\\/\",\"url\":\"https:\\\/\\\/i0.wp.com\\\/corfudiary.com\\\/wp-content\\\/uploads\\\/2021\\\/01\\\/main-logo.png?fit=450%2C100&ssl=1\",\"contentUrl\":\"https:\\\/\\\/i0.wp.com\\\/corfudiary.com\\\/wp-content\\\/uploads\\\/2021\\\/01\\\/main-logo.png?fit=450%2C100&ssl=1\",\"width\":450,\"height\":100,\"caption\":\"CorfuDiary\"},\"image\":{\"@id\":\"https:\\\/\\\/corfudiary.com\\\/#\\\/schema\\\/logo\\\/image\\\/\"},\"sameAs\":[\"https:\\\/\\\/www.facebook.com\\\/corfudiary\\\/\",\"https:\\\/\\\/x.com\\\/corfudiary\",\"https:\\\/\\\/www.instagram.com\\\/corfudiary\\\/\",\"https:\\\/\\\/gr.pinterest.com\\\/corfudiary\\\/\",\"https:\\\/\\\/www.youtube.com\\\/channel\\\/UCykm5igZmtxxLinGmcFdtdg\"]}]}<\/script>\n<!-- \/ Yoast SEO plugin. -->","yoast_head_json":{"title":"Convi\u00e9rtase en un autor | Corfu Diary","robots":{"index":"index","follow":"follow","max-snippet":"max-snippet:-1","max-image-preview":"max-image-preview:large","max-video-preview":"max-video-preview:-1"},"canonical":"https:\/\/corfudiary.com\/es\/conviertase-en-un-autor\/","og_locale":"es_ES","og_type":"article","og_title":"Convi\u00e9rtase en un autor | Corfu Diary","og_description":"[...]","og_url":"https:\/\/corfudiary.com\/es\/conviertase-en-un-autor\/","og_site_name":"Corfu Diary","article_publisher":"https:\/\/www.facebook.com\/corfudiary\/","article_modified_time":"2017-07-19T13:42:44+00:00","twitter_card":"summary_large_image","twitter_site":"@corfudiary","twitter_misc":{"Tiempo de lectura":"2 minutos"},"schema":{"@context":"https:\/\/schema.org","@graph":[{"@type":"WebPage","@id":"https:\/\/corfudiary.com\/es\/conviertase-en-un-autor\/","url":"https:\/\/corfudiary.com\/es\/conviertase-en-un-autor\/","name":"Convi\u00e9rtase en un autor | Corfu Diary","isPartOf":{"@id":"https:\/\/corfudiary.com\/#website"},"datePublished":"2017-07-19T13:40:29+00:00","dateModified":"2017-07-19T13:42:44+00:00","breadcrumb":{"@id":"https:\/\/corfudiary.com\/es\/conviertase-en-un-autor\/#breadcrumb"},"inLanguage":"es","potentialAction":[{"@type":"ReadAction","target":["https:\/\/corfudiary.com\/es\/conviertase-en-un-autor\/"]}]},{"@type":"BreadcrumbList","@id":"https:\/\/corfudiary.com\/es\/conviertase-en-un-autor\/#breadcrumb","itemListElement":[{"@type":"ListItem","position":1,"name":"Home","item":"https:\/\/corfudiary.com\/es\/"},{"@type":"ListItem","position":2,"name":"Convi\u00e9rtase en un autor"}]},{"@type":"WebSite","@id":"https:\/\/corfudiary.com\/#website","url":"https:\/\/corfudiary.com\/","name":"Corfu Diary","description":"Your one-stop blog about Corfu Island","publisher":{"@id":"https:\/\/corfudiary.com\/#organization"},"potentialAction":[{"@type":"SearchAction","target":{"@type":"EntryPoint","urlTemplate":"https:\/\/corfudiary.com\/?s={search_term_string}"},"query-input":{"@type":"PropertyValueSpecification","valueRequired":true,"valueName":"search_term_string"}}],"inLanguage":"es"},{"@type":"Organization","@id":"https:\/\/corfudiary.com\/#organization","name":"CorfuDiary","url":"https:\/\/corfudiary.com\/","logo":{"@type":"ImageObject","inLanguage":"es","@id":"https:\/\/corfudiary.com\/#\/schema\/logo\/image\/","url":"https:\/\/i0.wp.com\/corfudiary.com\/wp-content\/uploads\/2021\/01\/main-logo.png?fit=450%2C100&ssl=1","contentUrl":"https:\/\/i0.wp.com\/corfudiary.com\/wp-content\/uploads\/2021\/01\/main-logo.png?fit=450%2C100&ssl=1","width":450,"height":100,"caption":"CorfuDiary"},"image":{"@id":"https:\/\/corfudiary.com\/#\/schema\/logo\/image\/"},"sameAs":["https:\/\/www.facebook.com\/corfudiary\/","https:\/\/x.com\/corfudiary","https:\/\/www.instagram.com\/corfudiary\/","https:\/\/gr.pinterest.com\/corfudiary\/","https:\/\/www.youtube.com\/channel\/UCykm5igZmtxxLinGmcFdtdg"]}]}},"jetpack_sharing_enabled":true,"_links":{"self":[{"href":"https:\/\/corfudiary.com\/es\/wp-json\/wp\/v2\/pages\/512","targetHints":{"allow":["GET"]}}],"collection":[{"href":"https:\/\/corfudiary.com\/es\/wp-json\/wp\/v2\/pages"}],"about":[{"href":"https:\/\/corfudiary.com\/es\/wp-json\/wp\/v2\/types\/page"}],"author":[{"embeddable":true,"href":"https:\/\/corfudiary.com\/es\/wp-json\/wp\/v2\/users\/17"}],"replies":[{"embeddable":true,"href":"https:\/\/corfudiary.com\/es\/wp-json\/wp\/v2\/comments?post=512"}],"version-history":[{"count":0,"href":"https:\/\/corfudiary.com\/es\/wp-json\/wp\/v2\/pages\/512\/revisions"}],"wp:attachment":[{"href":"https:\/\/corfudiary.com\/es\/wp-json\/wp\/v2\/media?parent=512"}],"curies":[{"name":"wp","href":"https:\/\/api.w.org\/{rel}","templated":true}]}}