{"id":510,"date":"2017-07-19T16:37:49","date_gmt":"2017-07-19T13:37:49","guid":{"rendered":"http:\/\/corfudiary.com\/?page_id=510\/"},"modified":"2017-08-03T13:35:14","modified_gmt":"2017-08-03T10:35:14","slug":"nosotros","status":"publish","type":"page","link":"https:\/\/corfudiary.com\/es\/nosotros\/","title":{"rendered":"Nosotros"},"content":{"rendered":"<p>Corfu Diary fue creado por un grupo de lugare\u00f1os que aman su isla. La idea fue espont\u00e1nea y repentina y nuestro deseo es simple: mostrar la belleza de nuestros paisajes, de nuestra deliciosa cocina y de las maravillosas playas a trav\u00e9s de nuestras experiencias y actividades.<\/p>\n<p>Las enciclopedias y las gu\u00edas tur\u00edsticos son \u00fatiles, pero diario de Corfu Diary es mucho m\u00e1s que un blog de viajes. Es un blog sobre Corf\u00fa escrito por personas que aman la isla , han vivido muchos anos en ella, y han vivido experiencias innumerables. As\u00ed que, que Corfu Diary te invita a recorrer Corf\u00fa con nuestros propios ojos siendo tu veh\u00edculo!<\/p>\n<p>Seguramente no es el \u00fanico blog de viajes sobre la isla de Corf\u00fa que encontrara a trav\u00e9s de Internet, pero para nosotros es un peque\u00f1o rinc\u00f3n en la red que nos permite hablar de los lugares mas hermosos de la isla, sus pueblos pintorescos, sus eventos cultural y cualquier otra cosa que nos inspiran motivado de&#8230;. \u00a1Nuestro Corf\u00fa!<\/p>\n<p><a href=\"https:\/\/corfudiary.com\/es\/conviertase-en-un-autor\/\">Por supuesto estamos esperando a cada uno que quiera ser parte de esto!<\/a><\/p>\n","protected":false},"excerpt":{"rendered":"<p>  [&#8230;]<\/p>\n","protected":false},"author":17,"featured_media":0,"parent":0,"menu_order":0,"comment_status":"closed","ping_status":"closed","template":"100-width.php","meta":{"footnotes":""},"class_list":["post-510","page","type-page","status-publish","hentry"],"yoast_head":"<!-- This site is optimized with the Yoast SEO plugin v27.4 - https:\/\/yoast.com\/product\/yoast-seo-wordpress\/ -->\n<title>Nosotros | Corfu Diary<\/title>\n<meta name=\"robots\" content=\"index, follow, max-snippet:-1, max-image-preview:large, max-video-preview:-1\" \/>\n<link rel=\"canonical\" href=\"https:\/\/corfudiary.com\/es\/nosotros\/\" \/>\n<meta property=\"og:locale\" content=\"es_ES\" \/>\n<meta property=\"og:type\" content=\"article\" \/>\n<meta property=\"og:title\" content=\"Nosotros | Corfu Diary\" \/>\n<meta property=\"og:description\" content=\"[...]\" \/>\n<meta property=\"og:url\" content=\"https:\/\/corfudiary.com\/es\/nosotros\/\" \/>\n<meta property=\"og:site_name\" content=\"Corfu Diary\" \/>\n<meta property=\"article:publisher\" content=\"https:\/\/www.facebook.com\/corfudiary\/\" \/>\n<meta property=\"article:modified_time\" content=\"2017-08-03T10:35:14+00:00\" \/>\n<meta name=\"twitter:card\" content=\"summary_large_image\" \/>\n<meta name=\"twitter:site\" content=\"@corfudiary\" \/>\n<meta name=\"twitter:label1\" content=\"Tiempo de lectura\" \/>\n\t<meta name=\"twitter:data1\" content=\"1 minuto\" \/>\n<script type=\"application\/ld+json\" class=\"yoast-schema-graph\">{\"@context\":\"https:\\\/\\\/schema.org\",\"@graph\":[{\"@type\":\"WebPage\",\"@id\":\"https:\\\/\\\/corfudiary.com\\\/es\\\/nosotros\\\/\",\"url\":\"https:\\\/\\\/corfudiary.com\\\/es\\\/nosotros\\\/\",\"name\":\"Nosotros | Corfu Diary\",\"isPartOf\":{\"@id\":\"https:\\\/\\\/corfudiary.com\\\/#website\"},\"datePublished\":\"2017-07-19T13:37:49+00:00\",\"dateModified\":\"2017-08-03T10:35:14+00:00\",\"breadcrumb\":{\"@id\":\"https:\\\/\\\/corfudiary.com\\\/es\\\/nosotros\\\/#breadcrumb\"},\"inLanguage\":\"es\",\"potentialAction\":[{\"@type\":\"ReadAction\",\"target\":[\"https:\\\/\\\/corfudiary.com\\\/es\\\/nosotros\\\/\"]}]},{\"@type\":\"BreadcrumbList\",\"@id\":\"https:\\\/\\\/corfudiary.com\\\/es\\\/nosotros\\\/#breadcrumb\",\"itemListElement\":[{\"@type\":\"ListItem\",\"position\":1,\"name\":\"Home\",\"item\":\"https:\\\/\\\/corfudiary.com\\\/es\\\/\"},{\"@type\":\"ListItem\",\"position\":2,\"name\":\"Nosotros\"}]},{\"@type\":\"WebSite\",\"@id\":\"https:\\\/\\\/corfudiary.com\\\/#website\",\"url\":\"https:\\\/\\\/corfudiary.com\\\/\",\"name\":\"Corfu Diary\",\"description\":\"Your one-stop blog about Corfu Island\",\"publisher\":{\"@id\":\"https:\\\/\\\/corfudiary.com\\\/#organization\"},\"potentialAction\":[{\"@type\":\"SearchAction\",\"target\":{\"@type\":\"EntryPoint\",\"urlTemplate\":\"https:\\\/\\\/corfudiary.com\\\/?s={search_term_string}\"},\"query-input\":{\"@type\":\"PropertyValueSpecification\",\"valueRequired\":true,\"valueName\":\"search_term_string\"}}],\"inLanguage\":\"es\"},{\"@type\":\"Organization\",\"@id\":\"https:\\\/\\\/corfudiary.com\\\/#organization\",\"name\":\"CorfuDiary\",\"url\":\"https:\\\/\\\/corfudiary.com\\\/\",\"logo\":{\"@type\":\"ImageObject\",\"inLanguage\":\"es\",\"@id\":\"https:\\\/\\\/corfudiary.com\\\/#\\\/schema\\\/logo\\\/image\\\/\",\"url\":\"https:\\\/\\\/i0.wp.com\\\/corfudiary.com\\\/wp-content\\\/uploads\\\/2021\\\/01\\\/main-logo.png?fit=450%2C100&ssl=1\",\"contentUrl\":\"https:\\\/\\\/i0.wp.com\\\/corfudiary.com\\\/wp-content\\\/uploads\\\/2021\\\/01\\\/main-logo.png?fit=450%2C100&ssl=1\",\"width\":450,\"height\":100,\"caption\":\"CorfuDiary\"},\"image\":{\"@id\":\"https:\\\/\\\/corfudiary.com\\\/#\\\/schema\\\/logo\\\/image\\\/\"},\"sameAs\":[\"https:\\\/\\\/www.facebook.com\\\/corfudiary\\\/\",\"https:\\\/\\\/x.com\\\/corfudiary\",\"https:\\\/\\\/www.instagram.com\\\/corfudiary\\\/\",\"https:\\\/\\\/gr.pinterest.com\\\/corfudiary\\\/\",\"https:\\\/\\\/www.youtube.com\\\/channel\\\/UCykm5igZmtxxLinGmcFdtdg\"]}]}<\/script>\n<!-- \/ Yoast SEO plugin. -->","yoast_head_json":{"title":"Nosotros | Corfu Diary","robots":{"index":"index","follow":"follow","max-snippet":"max-snippet:-1","max-image-preview":"max-image-preview:large","max-video-preview":"max-video-preview:-1"},"canonical":"https:\/\/corfudiary.com\/es\/nosotros\/","og_locale":"es_ES","og_type":"article","og_title":"Nosotros | Corfu Diary","og_description":"[...]","og_url":"https:\/\/corfudiary.com\/es\/nosotros\/","og_site_name":"Corfu Diary","article_publisher":"https:\/\/www.facebook.com\/corfudiary\/","article_modified_time":"2017-08-03T10:35:14+00:00","twitter_card":"summary_large_image","twitter_site":"@corfudiary","twitter_misc":{"Tiempo de lectura":"1 minuto"},"schema":{"@context":"https:\/\/schema.org","@graph":[{"@type":"WebPage","@id":"https:\/\/corfudiary.com\/es\/nosotros\/","url":"https:\/\/corfudiary.com\/es\/nosotros\/","name":"Nosotros | Corfu Diary","isPartOf":{"@id":"https:\/\/corfudiary.com\/#website"},"datePublished":"2017-07-19T13:37:49+00:00","dateModified":"2017-08-03T10:35:14+00:00","breadcrumb":{"@id":"https:\/\/corfudiary.com\/es\/nosotros\/#breadcrumb"},"inLanguage":"es","potentialAction":[{"@type":"ReadAction","target":["https:\/\/corfudiary.com\/es\/nosotros\/"]}]},{"@type":"BreadcrumbList","@id":"https:\/\/corfudiary.com\/es\/nosotros\/#breadcrumb","itemListElement":[{"@type":"ListItem","position":1,"name":"Home","item":"https:\/\/corfudiary.com\/es\/"},{"@type":"ListItem","position":2,"name":"Nosotros"}]},{"@type":"WebSite","@id":"https:\/\/corfudiary.com\/#website","url":"https:\/\/corfudiary.com\/","name":"Corfu Diary","description":"Your one-stop blog about Corfu Island","publisher":{"@id":"https:\/\/corfudiary.com\/#organization"},"potentialAction":[{"@type":"SearchAction","target":{"@type":"EntryPoint","urlTemplate":"https:\/\/corfudiary.com\/?s={search_term_string}"},"query-input":{"@type":"PropertyValueSpecification","valueRequired":true,"valueName":"search_term_string"}}],"inLanguage":"es"},{"@type":"Organization","@id":"https:\/\/corfudiary.com\/#organization","name":"CorfuDiary","url":"https:\/\/corfudiary.com\/","logo":{"@type":"ImageObject","inLanguage":"es","@id":"https:\/\/corfudiary.com\/#\/schema\/logo\/image\/","url":"https:\/\/i0.wp.com\/corfudiary.com\/wp-content\/uploads\/2021\/01\/main-logo.png?fit=450%2C100&ssl=1","contentUrl":"https:\/\/i0.wp.com\/corfudiary.com\/wp-content\/uploads\/2021\/01\/main-logo.png?fit=450%2C100&ssl=1","width":450,"height":100,"caption":"CorfuDiary"},"image":{"@id":"https:\/\/corfudiary.com\/#\/schema\/logo\/image\/"},"sameAs":["https:\/\/www.facebook.com\/corfudiary\/","https:\/\/x.com\/corfudiary","https:\/\/www.instagram.com\/corfudiary\/","https:\/\/gr.pinterest.com\/corfudiary\/","https:\/\/www.youtube.com\/channel\/UCykm5igZmtxxLinGmcFdtdg"]}]}},"jetpack_sharing_enabled":true,"_links":{"self":[{"href":"https:\/\/corfudiary.com\/es\/wp-json\/wp\/v2\/pages\/510","targetHints":{"allow":["GET"]}}],"collection":[{"href":"https:\/\/corfudiary.com\/es\/wp-json\/wp\/v2\/pages"}],"about":[{"href":"https:\/\/corfudiary.com\/es\/wp-json\/wp\/v2\/types\/page"}],"author":[{"embeddable":true,"href":"https:\/\/corfudiary.com\/es\/wp-json\/wp\/v2\/users\/17"}],"replies":[{"embeddable":true,"href":"https:\/\/corfudiary.com\/es\/wp-json\/wp\/v2\/comments?post=510"}],"version-history":[{"count":0,"href":"https:\/\/corfudiary.com\/es\/wp-json\/wp\/v2\/pages\/510\/revisions"}],"wp:attachment":[{"href":"https:\/\/corfudiary.com\/es\/wp-json\/wp\/v2\/media?parent=510"}],"curies":[{"name":"wp","href":"https:\/\/api.w.org\/{rel}","templated":true}]}}